{"id":22,"date":"2018-11-21T16:16:17","date_gmt":"2018-11-21T16:16:17","guid":{"rendered":"http:\/\/orgelneubau.de\/?page_id=22"},"modified":"2019-12-04T20:48:23","modified_gmt":"2019-12-04T20:48:23","slug":"impressum","status":"publish","type":"page","link":"http:\/\/orgelneubau.de\/?page_id=22","title":{"rendered":"Impressum"},"content":{"rendered":"\n<p><strong>Seitenbetreiber \/ Verantwortlicher:<\/strong><\/p>\n\n\n\n<p>Martin Schwendke<br>Wolfwiesenstr. 23<br>94315 Straubing<\/p>\n\n\n\n<p><strong>Kontakt:<\/strong><\/p>\n\n\n\n<p>mail@orgelneubau.de<\/p>\n\n\n\n<p><strong><br>Ausschluss der Haftung:<\/strong><\/p>\n\n\n\n<p>1. Haftung f\u00fcr Inhalte<br>Der Inhalt dieser Internetseite wurde mit gr\u00f6\u00dftm\u00f6glicher Sorgfalt  erstellt. Ich \u00fcbernehme jedoch keine Gew\u00e4hr daf\u00fcr, dass dieser Inhalt richtig,  vollst\u00e4ndig und aktuell ist und zudem noch gef\u00e4llt. Gem\u00e4\u00df \u00a7 7  Abs. 1 TMG bin ich f\u00fcr den Inhalt verantwortlich.<br>Gem\u00e4\u00df den \u00a7\u00a7 8, 9  und 10 TMG ist f\u00fcr mich keine Verpflichtung gegeben, dass ich  Informationen von Dritten, die \u00fcbermittelt oder gespeichert wurden, \u00fcberwache oder Umst\u00e4nde erhebe, die Hinweise auf nicht rechtm\u00e4\u00dfige T\u00e4tigkeiten ergeben.<br>Davon nicht ber\u00fchrt ist meine Verpflichtung zur Sperrung oder Entfernung von Informationen, welche von den allgemeinen Gesetzen herr\u00fchrt.<br>Ich hafte allerdings erst in dem Moment, in dem ich von einer konkreten Verletzung von Rechten Kenntnis bekomme. In  diesem Fall w\u00e4re meine Reaktion eine unverz\u00fcgliche Entfernung des entsprechenden Inhalts.<\/p>\n\n\n\n<p>2. Haftung f\u00fcr Links<br>Diese Internetseite kann zeitweise Links enthalten, die zu externen Internetseiten von Dritten f\u00fchren, auf deren Inhalte ich jedoch keinen Einfluss habe. Es ist mir daher nicht m\u00f6glich, eine Gew\u00e4hr f\u00fcr diese  Inhalte zu tragen.<br>Die Verantwortung daf\u00fcr hat immer der jeweilige Anbieter\/Betreiber der entsprechenden Internetseite. Von mir verlinkte Internetseiten \u00fcberpr\u00fcfe ich zum Zeitpunkt der Verlinkung auf einen m\u00f6glichen Rechtsversto\u00df in voller Breite.<br>Es kann mir jedoch, ohne  einen konkreten Anhaltspunkt, nicht zugemutet werden, st\u00e4ndig die verlinkten Internetseiten inhaltlich zu \u00fcberwachen. Sollte ich jedoch von einer Rechtsverletzung Kenntnis erlangen, w\u00fcrde ich den  entsprechenden Link unverz\u00fcglich entfernen.<\/p>\n\n\n\n<p>3. Urheberrecht<br>Die  auf dieser Internetseite enthaltenen Inhalte sind, soweit m\u00f6glich, urheberrechtlich gesch\u00fctzt. Es bedarf einer schriftlichen Genehmigung  des Erstellers f\u00fcr denjenigen, der die Inhalte vervielf\u00e4ltigt, bearbeitet, verbreitet oder n\u00fctzt.<br>Das Herunterladen und Kopieren  dieser Internetseite ist sowohl f\u00fcr den privaten als auch den  kommerziellen Gebrauch von mir schriftlich zu gestatten. Ich weise darauf hin, dass ich hinsichtlich der Inhalte auf dieser Internetseite,  soweit sie nicht von mir selbst erstellt worden sind, das Urheberrecht von Dritten jederzeit beachtet hatte.<br>Wenn Sie mir mitteilen w\u00fcrden, dass Sie trotzdem eine Urheberrechtsverletzung gefunden haben, w\u00fcrde ich das sehr sch\u00e4tzen. Dann kann ich den entsprechenden Inhalt sofort entfernen und w\u00fcrde damit das Urheberrecht nicht mehr verletzen.<\/p>\n\n\n\n<p>4. Datenschutz<br>siehe hier: <a href=\"https:\/\/www.orgelneubau.de\/?page_id=68\">https:\/\/www.orgelneubau.de\/?page_id=68<\/a><\/p>\n\n\n\n<p>5.  Werbung\/Informationsmaterial\/Spam-Mail  <br>Ich widerspreche an dieser Stelle der Nutzung der Kontaktdaten, um mir damit nicht verlangte Werbung\/Informationsmaterial\/Spam-Mails zukommen zu lassen. Sollte dies dennoch geschehen, m\u00fcsste ich rechtliche Schritte ins Auge fassen.  <\/p>\n\n\n\n<p>Aufbau und Inhalt des Impressums folgen in weiten Teilen einer Empfehlung von: Flegl Rechtsanw\u00e4lte GmbH\n\n<\/p>\n\n\n\n<p><br>E-Mail: <a href=\"mailto:mail@orgelneubau.de\">mail@orgelneubau.de<\/a><\/p>\n","protected":false},"excerpt":{"rendered":"<p>Seitenbetreiber \/ Verantwortlicher: Martin SchwendkeWolfwiesenstr. 2394315 Straubing Kontakt: mail@orgelneubau.de Ausschluss der Haftung: 1. Haftung f\u00fcr InhalteDer Inhalt dieser Internetseite wurde mit gr\u00f6\u00dftm\u00f6glicher Sorgfalt erstellt. Ich \u00fcbernehme jedoch keine Gew\u00e4hr daf\u00fcr, dass dieser Inhalt richtig, vollst\u00e4ndig und aktuell ist und zudem noch gef\u00e4llt. Gem\u00e4\u00df \u00a7 7 Abs. 1 TMG bin ich f\u00fcr den Inhalt verantwortlich.Gem\u00e4\u00df den &hellip; <\/p>\n<p class=\"link-more\"><a href=\"http:\/\/orgelneubau.de\/?page_id=22\" class=\"more-link\"><span class=\"screen-reader-text\">\u201eImpressum\u201c <\/span>weiterlesen<\/a><\/p>\n","protected":false},"author":1,"featured_media":0,"parent":0,"menu_order":0,"comment_status":"closed","ping_status":"closed","template":"","meta":{"ngg_post_thumbnail":0,"footnotes":""},"class_list":["post-22","page","type-page","status-publish","hentry"],"_links":{"self":[{"href":"http:\/\/orgelneubau.de\/index.php?rest_route=\/wp\/v2\/pages\/22","targetHints":{"allow":["GET"]}}],"collection":[{"href":"http:\/\/orgelneubau.de\/index.php?rest_route=\/wp\/v2\/pages"}],"about":[{"href":"http:\/\/orgelneubau.de\/index.php?rest_route=\/wp\/v2\/types\/page"}],"author":[{"embeddable":true,"href":"http:\/\/orgelneubau.de\/index.php?rest_route=\/wp\/v2\/users\/1"}],"replies":[{"embeddable":true,"href":"http:\/\/orgelneubau.de\/index.php?rest_route=%2Fwp%2Fv2%2Fcomments&post=22"}],"version-history":[{"count":10,"href":"http:\/\/orgelneubau.de\/index.php?rest_route=\/wp\/v2\/pages\/22\/revisions"}],"predecessor-version":[{"id":190,"href":"http:\/\/orgelneubau.de\/index.php?rest_route=\/wp\/v2\/pages\/22\/revisions\/190"}],"wp:attachment":[{"href":"http:\/\/orgelneubau.de\/index.php?rest_route=%2Fwp%2Fv2%2Fmedia&parent=22"}],"curies":[{"name":"wp","href":"https:\/\/api.w.org\/{rel}","templated":true}]}}